{"id":202,"date":"2020-10-20T09:59:10","date_gmt":"2020-10-20T07:59:10","guid":{"rendered":"http:\/\/dev.smedtkristiansen.no\/?page_id=202"},"modified":"2021-08-24T08:44:48","modified_gmt":"2021-08-24T07:44:48","slug":"pipe-supports","status":"publish","type":"page","link":"https:\/\/smedtkristiansen.no\/no\/pipe-supports\/","title":{"rendered":"R\u00f8rst\u00f8tter"},"content":{"rendered":"<div data-elementor-type=\"wp-page\" data-elementor-id=\"202\" class=\"elementor elementor-202\" data-elementor-post-type=\"page\">\n\t\t\t\t\t\t<section class=\"elementor-section elementor-top-section elementor-element elementor-element-35b0e284 elementor-section-height-min-height elementor-section-boxed elementor-section-height-default elementor-section-items-middle\" data-id=\"35b0e284\" data-element_type=\"section\" data-settings=\"{&quot;background_background&quot;:&quot;classic&quot;}\">\n\t\t\t\t\t\t\t<div class=\"elementor-background-overlay\"><\/div>\n\t\t\t\t\t\t\t<div class=\"elementor-container elementor-column-gap-default\">\n\t\t\t\t\t<div class=\"elementor-column elementor-col-100 elementor-top-column elementor-element elementor-element-55636370\" data-id=\"55636370\" data-element_type=\"column\">\n\t\t\t<div class=\"elementor-widget-wrap elementor-element-populated\">\n\t\t\t\t\t\t\t<\/div>\n\t\t<\/div>\n\t\t\t\t\t<\/div>\n\t\t<\/section>\n\t\t\t\t<section class=\"elementor-section elementor-top-section elementor-element elementor-element-308786e elementor-section-content-middle elementor-section-boxed elementor-section-height-default elementor-section-height-default\" data-id=\"308786e\" data-element_type=\"section\">\n\t\t\t\t\t\t<div class=\"elementor-container elementor-column-gap-default\">\n\t\t\t\t\t<div class=\"elementor-column elementor-col-50 elementor-top-column elementor-element elementor-element-c002a5d\" data-id=\"c002a5d\" data-element_type=\"column\">\n\t\t\t<div class=\"elementor-widget-wrap elementor-element-populated\">\n\t\t\t\t\t\t<div class=\"elementor-element elementor-element-b7c5655 elementor-widget elementor-widget-image\" data-id=\"b7c5655\" data-element_type=\"widget\" data-widget_type=\"image.default\">\n\t\t\t\t<div class=\"elementor-widget-container\">\n\t\t\t\t\t\t\t\t\t\t\t\t\t<img fetchpriority=\"high\" decoding=\"async\" width=\"638\" height=\"342\" src=\"https:\/\/smedtkristiansen.no\/wp-content\/uploads\/2020\/10\/pipe-supports.png\" class=\"attachment-large size-large wp-image-150\" alt=\"\" srcset=\"https:\/\/smedtkristiansen.no\/wp-content\/uploads\/2020\/10\/pipe-supports.png 638w, https:\/\/smedtkristiansen.no\/wp-content\/uploads\/2020\/10\/pipe-supports-600x322.png 600w, https:\/\/smedtkristiansen.no\/wp-content\/uploads\/2020\/10\/pipe-supports-300x161.png 300w\" sizes=\"(max-width: 638px) 100vw, 638px\" \/>\t\t\t\t\t\t\t\t\t\t\t\t\t<\/div>\n\t\t\t\t<\/div>\n\t\t\t\t\t<\/div>\n\t\t<\/div>\n\t\t\t\t<div class=\"elementor-column elementor-col-50 elementor-top-column elementor-element elementor-element-1adac6a\" data-id=\"1adac6a\" data-element_type=\"column\">\n\t\t\t<div class=\"elementor-widget-wrap elementor-element-populated\">\n\t\t\t\t\t\t<div class=\"elementor-element elementor-element-72c9e8e elementor-widget elementor-widget-heading\" data-id=\"72c9e8e\" data-element_type=\"widget\" data-widget_type=\"heading.default\">\n\t\t\t\t<div class=\"elementor-widget-container\">\n\t\t\t<h3 class=\"elementor-heading-title elementor-size-default\">Vi leverer et komplett utvalg av r\u00f8rst\u00f8tter, b\u00e5de standard og tilpassede st\u00f8rrelser. Alt vi trenger er deres spesifikasjoner.<\/h3>\t\t<\/div>\n\t\t\t\t<\/div>\n\t\t\t\t<div class=\"elementor-element elementor-element-21d7294 elementor-widget elementor-widget-text-editor\" data-id=\"21d7294\" data-element_type=\"widget\" data-widget_type=\"text-editor.default\">\n\t\t\t\t<div class=\"elementor-widget-container\">\n\t\t\t\t\t\t\t<p>Vi produserer r\u00f8rst\u00f8tter p\u00e5 foresp\u00f8rsel. R\u00f8rst\u00f8tter kan lages av forskjellige materialer med forskjellige overflater. Vi kan levere \u00e9n enkelt del eller tusenvis.<\/p><p>Ta kontakt for informasjon ang\u00e5ende levering og priser.<\/p>\t\t\t\t\t\t<\/div>\n\t\t\t\t<\/div>\n\t\t\t\t\t<\/div>\n\t\t<\/div>\n\t\t\t\t\t<\/div>\n\t\t<\/section>\n\t\t\t\t<\/div>","protected":false},"excerpt":{"rendered":"<p>We deliver a full range of pipe supports, both standard and custom sizes. Please contact us with your company&#8217;s specs. We produce pipe supports upon request. Pipe supports can be made from various materials with different finishes. We can supply a single part, or up to thousands. Ask for our delivery and prices.<\/p>","protected":false},"author":1,"featured_media":0,"parent":0,"menu_order":0,"comment_status":"closed","ping_status":"closed","template":"elementor_header_footer","meta":{"site-sidebar-layout":"no-sidebar","site-content-layout":"page-builder","ast-site-content-layout":"","site-content-style":"default","site-sidebar-style":"default","ast-global-header-display":"","ast-banner-title-visibility":"","ast-main-header-display":"","ast-hfb-above-header-display":"","ast-hfb-below-header-display":"","ast-hfb-mobile-header-display":"","site-post-title":"disabled","ast-breadcrumbs-content":"","ast-featured-img":"disabled","footer-sml-layout":"","theme-transparent-header-meta":"default","adv-header-id-meta":"","stick-header-meta":"default","header-above-stick-meta":"","header-main-stick-meta":"","header-below-stick-meta":"","astra-migrate-meta-layouts":"default","ast-page-background-enabled":"default","ast-page-background-meta":{"desktop":{"background-color":"","background-image":"","background-repeat":"repeat","background-position":"center center","background-size":"auto","background-attachment":"scroll","background-type":"","background-media":"","overlay-type":"","overlay-color":"","overlay-gradient":""},"tablet":{"background-color":"","background-image":"","background-repeat":"repeat","background-position":"center center","background-size":"auto","background-attachment":"scroll","background-type":"","background-media":"","overlay-type":"","overlay-color":"","overlay-gradient":""},"mobile":{"background-color":"","background-image":"","background-repeat":"repeat","background-position":"center center","background-size":"auto","background-attachment":"scroll","background-type":"","background-media":"","overlay-type":"","overlay-color":"","overlay-gradient":""}},"ast-content-background-meta":{"desktop":{"background-color":"var(--ast-global-color-5)","background-image":"","background-repeat":"repeat","background-position":"center center","background-size":"auto","background-attachment":"scroll","background-type":"","background-media":"","overlay-type":"","overlay-color":"","overlay-gradient":""},"tablet":{"background-color":"var(--ast-global-color-5)","background-image":"","background-repeat":"repeat","background-position":"center center","background-size":"auto","background-attachment":"scroll","background-type":"","background-media":"","overlay-type":"","overlay-color":"","overlay-gradient":""},"mobile":{"background-color":"var(--ast-global-color-5)","background-image":"","background-repeat":"repeat","background-position":"center center","background-size":"auto","background-attachment":"scroll","background-type":"","background-media":"","overlay-type":"","overlay-color":"","overlay-gradient":""}},"footnotes":""},"_links":{"self":[{"href":"https:\/\/smedtkristiansen.no\/no\/wp-json\/wp\/v2\/pages\/202"}],"collection":[{"href":"https:\/\/smedtkristiansen.no\/no\/wp-json\/wp\/v2\/pages"}],"about":[{"href":"https:\/\/smedtkristiansen.no\/no\/wp-json\/wp\/v2\/types\/page"}],"author":[{"embeddable":true,"href":"https:\/\/smedtkristiansen.no\/no\/wp-json\/wp\/v2\/users\/1"}],"replies":[{"embeddable":true,"href":"https:\/\/smedtkristiansen.no\/no\/wp-json\/wp\/v2\/comments?post=202"}],"version-history":[{"count":48,"href":"https:\/\/smedtkristiansen.no\/no\/wp-json\/wp\/v2\/pages\/202\/revisions"}],"predecessor-version":[{"id":907,"href":"https:\/\/smedtkristiansen.no\/no\/wp-json\/wp\/v2\/pages\/202\/revisions\/907"}],"wp:attachment":[{"href":"https:\/\/smedtkristiansen.no\/no\/wp-json\/wp\/v2\/media?parent=202"}],"curies":[{"name":"wp","href":"https:\/\/api.w.org\/{rel}","templated":true}]}}