{"id":1346,"date":"2022-02-16T13:13:49","date_gmt":"2022-02-16T12:13:49","guid":{"rendered":"https:\/\/smedtkristiansen.no\/?page_id=1346"},"modified":"2023-02-27T12:53:24","modified_gmt":"2023-02-27T11:53:24","slug":"esg","status":"publish","type":"page","link":"https:\/\/smedtkristiansen.no\/no\/esg\/","title":{"rendered":"ESG"},"content":{"rendered":"<div data-elementor-type=\"wp-page\" data-elementor-id=\"1346\" class=\"elementor elementor-1346\" data-elementor-post-type=\"page\">\n\t\t\t\t\t\t<section class=\"elementor-section elementor-top-section elementor-element elementor-element-35b0e284 elementor-section-height-min-height elementor-section-boxed elementor-section-height-default elementor-section-items-middle\" data-id=\"35b0e284\" data-element_type=\"section\" data-settings=\"{&quot;background_background&quot;:&quot;classic&quot;}\">\n\t\t\t\t\t\t\t<div class=\"elementor-background-overlay\"><\/div>\n\t\t\t\t\t\t\t<div class=\"elementor-container elementor-column-gap-default\">\n\t\t\t\t\t<div class=\"elementor-column elementor-col-100 elementor-top-column elementor-element elementor-element-55636370\" data-id=\"55636370\" data-element_type=\"column\">\n\t\t\t<div class=\"elementor-widget-wrap elementor-element-populated\">\n\t\t\t\t\t\t\t<\/div>\n\t\t<\/div>\n\t\t\t\t\t<\/div>\n\t\t<\/section>\n\t\t\t\t<section class=\"elementor-section elementor-top-section elementor-element elementor-element-308786e elementor-section-content-middle elementor-section-boxed elementor-section-height-default elementor-section-height-default\" data-id=\"308786e\" data-element_type=\"section\">\n\t\t\t\t\t\t<div class=\"elementor-container elementor-column-gap-default\">\n\t\t\t\t\t<div class=\"elementor-column elementor-col-50 elementor-top-column elementor-element elementor-element-1adac6a\" data-id=\"1adac6a\" data-element_type=\"column\">\n\t\t\t<div class=\"elementor-widget-wrap elementor-element-populated\">\n\t\t\t\t\t\t<div class=\"elementor-element elementor-element-72c9e8e elementor-widget elementor-widget-heading\" data-id=\"72c9e8e\" data-element_type=\"widget\" data-widget_type=\"heading.default\">\n\t\t\t\t<div class=\"elementor-widget-container\">\n\t\t\t<h2 class=\"elementor-heading-title elementor-size-default\">ESG og B\u00e6rekraft <\/h2>\t\t<\/div>\n\t\t\t\t<\/div>\n\t\t\t\t<div class=\"elementor-element elementor-element-21d7294 elementor-widget elementor-widget-text-editor\" data-id=\"21d7294\" data-element_type=\"widget\" data-widget_type=\"text-editor.default\">\n\t\t\t\t<div class=\"elementor-widget-container\">\n\t\t\t\t\t\t\t<p>B\u00e6rekraft er sv\u00e6rt viktig, og v\u00e5rt m\u00e5l er \u00e5 bidra aktivt til \u00e5 n\u00e5 FN sine b\u00e6rekraftsm\u00e5l. Vi skal v\u00e6re en bedrift som produserer uten \u00e5 \u00f8delegge mulighetene for kommende generasjoner. V\u00e5rt m\u00e5l er \u00e5 bli karbonn\u00f8ytrale innen 2025.&nbsp;<\/p>\n<p><span style=\"color: var( --e-global-color-text ); font-size: 18px;\">Smed skal bidra aktivt med \u00e5 n\u00e5 FN sine b\u00e6rekraftsm\u00e5l, og har valgt ut disse som ekstra viktig for oss:<\/span><\/p>\n<p><img fetchpriority=\"high\" decoding=\"async\" class=\"alignnone size-medium wp-image-1800\" src=\"https:\/\/smedtkristiansen.no\/wp-content\/uploads\/2022\/03\/ESG-ma\u030al-300x207.jpg\" alt=\"\" width=\"300\" height=\"207\" srcset=\"https:\/\/smedtkristiansen.no\/wp-content\/uploads\/2022\/03\/ESG-ma\u030al-300x207.jpg 300w, https:\/\/smedtkristiansen.no\/wp-content\/uploads\/2022\/03\/ESG-ma\u030al-18x12.jpg 18w, https:\/\/smedtkristiansen.no\/wp-content\/uploads\/2022\/03\/ESG-ma\u030al-600x414.jpg 600w, https:\/\/smedtkristiansen.no\/wp-content\/uploads\/2022\/03\/ESG-ma\u030al.jpg 660w\" sizes=\"(max-width: 300px) 100vw, 300px\" \/><\/p>\n<p><\/p>\n<p><span style=\"font-size: 18px; color: var( --e-global-color-text );\">V\u00e5re medarbeidere er v\u00e5r viktigste ressurs, og sikkerheten og helsen til v\u00e5re ansatte kommer alltid f\u00f8rst. Vi arbeider systematisk for \u00e5 forbedre HMS-kulturen og jobber aktivt med \u00e5 sikre et godt fysisk og psykososialt arbeidsmilj\u00f8 for de ansatte. Hos oss skal det v\u00e6re ordnede forhold, vi etterlever arbeidslivets spilleregler og f\u00f8lger lover og forskrifter som regulerer arbeidslivet. Vi skal ha det kjekt p\u00e5 jobb!&nbsp;<\/span><\/p>\n<p><span style=\"font-size: 18px; color: var( --e-global-color-text );\">For oss er en mangfoldig arbeidsplass en god arbeidsplass, og legger til rette for trivsel uansett kj\u00f8nn, etnisk bakgrunn, religion, kultur eller legning. Vi har alle noen ubevisste holdninger. Disse jobber vi aktivt med \u00e5 bryte. V\u00e5re medarbeidere skal sikres livslang l\u00e6ring og vi vil v\u00e6re gode rollemodeller for fagene vi jobber med.<\/span><\/p>\n<p>For \u00e5 redusere karbonavtrykket benytter vi kun fornybar energi til oppvarming og produksjon. Vi skal ikke bruke kjemikalier som skader milj\u00f8et og vi jobber for \u00e5 redusere avfall og sikre gjenvinning.<\/p>\n<p>Vi er ISO-sertifisert etter ISO 9001, ISO 14001 og ISO 3834-2. Disse gjelder for hvordan vi utvikler og produserer v\u00e5re produkter og tjenester.<\/p>\n<p>Smed forplikter seg til \u00e5 respektere og st\u00f8tte prinsipper som er nedfelt i internasjonalt anerkjente menneskerettighetskonvensjoner; herunder FNs verdenserkl\u00e6ring om menneskerettigheter, Den europeiske menneskerettighetskonvensjon (EMK) og kjernekonvensjonene i Den internasjonale arbeidsorganisasjonen (ILO-konvensjonene).<\/p>\n<p>For oss er etterrettelighet og redelighet viktig og vi skal opptre p\u00e5 en etisk og ansvarlig m\u00e5te i m\u00f8te med kundene v\u00e5re. V\u00e5re medarbeidere skal v\u00e6re kjente med ulike dilemmaer som man kan oppleve i arbeidslivet.<\/p>\n<p>Vi er en del av samfunnet rundt oss og bidrar til \u00e5 skape verdier for v\u00e5re&nbsp;<span style=\"font-size: 18px; color: var( --e-global-color-text );\">kunder, ansatte, leverand\u00f8rer, myndighetene og samfunnet.<\/span><\/p>\n<p><span style=\"font-size: 18px; color: var( --e-global-color-text );\">\u00d8nsker du mer informasjon om v\u00e5rt ESG, b\u00e6rekraft og HMSK arbeid, vennligst ta kontakt p\u00e5 mail post@smed.no.<\/span><\/p>\t\t\t\t\t\t<\/div>\n\t\t\t\t<\/div>\n\t\t\t\t\t<\/div>\n\t\t<\/div>\n\t\t\t\t<div class=\"elementor-column elementor-col-50 elementor-top-column elementor-element elementor-element-c002a5d\" data-id=\"c002a5d\" data-element_type=\"column\">\n\t\t\t<div class=\"elementor-widget-wrap elementor-element-populated\">\n\t\t\t\t\t\t<div class=\"elementor-element elementor-element-b7c5655 elementor-widget elementor-widget-image\" data-id=\"b7c5655\" data-element_type=\"widget\" data-widget_type=\"image.default\">\n\t\t\t\t<div class=\"elementor-widget-container\">\n\t\t\t\t\t\t\t\t\t\t\t\t\t<img decoding=\"async\" width=\"1024\" height=\"683\" src=\"https:\/\/smedtkristiansen.no\/wp-content\/uploads\/2021\/01\/Produksjon_skjaeremaskin_drift_Hovedbilde-1024x683.jpg\" class=\"attachment-large size-large wp-image-642\" alt=\"\" srcset=\"https:\/\/smedtkristiansen.no\/wp-content\/uploads\/2021\/01\/Produksjon_skjaeremaskin_drift_Hovedbilde-1024x683.jpg 1024w, https:\/\/smedtkristiansen.no\/wp-content\/uploads\/2021\/01\/Produksjon_skjaeremaskin_drift_Hovedbilde-600x400.jpg 600w, https:\/\/smedtkristiansen.no\/wp-content\/uploads\/2021\/01\/Produksjon_skjaeremaskin_drift_Hovedbilde-300x200.jpg 300w, https:\/\/smedtkristiansen.no\/wp-content\/uploads\/2021\/01\/Produksjon_skjaeremaskin_drift_Hovedbilde-768x512.jpg 768w, https:\/\/smedtkristiansen.no\/wp-content\/uploads\/2021\/01\/Produksjon_skjaeremaskin_drift_Hovedbilde-1536x1024.jpg 1536w, https:\/\/smedtkristiansen.no\/wp-content\/uploads\/2021\/01\/Produksjon_skjaeremaskin_drift_Hovedbilde-2048x1365.jpg 2048w, https:\/\/smedtkristiansen.no\/wp-content\/uploads\/2021\/01\/Produksjon_skjaeremaskin_drift_Hovedbilde-16x12.jpg 16w\" sizes=\"(max-width: 1024px) 100vw, 1024px\" \/>\t\t\t\t\t\t\t\t\t\t\t\t\t<\/div>\n\t\t\t\t<\/div>\n\t\t\t\t\t<\/div>\n\t\t<\/div>\n\t\t\t\t\t<\/div>\n\t\t<\/section>\n\t\t\t\t<\/div>","protected":false},"excerpt":{"rendered":"<p>ESG og B\u00e6rekraft B\u00e6rekraft er sv\u00e6rt viktig, og v\u00e5rt m\u00e5l er \u00e5 bidra aktivt til \u00e5 n\u00e5 FN sine b\u00e6rekraftsm\u00e5l. Vi skal v\u00e6re en bedrift som produserer uten \u00e5 \u00f8delegge mulighetene for kommende generasjoner. V\u00e5rt m\u00e5l er \u00e5 bli karbonn\u00f8ytrale innen 2025.&nbsp; Smed skal bidra aktivt med \u00e5 n\u00e5 FN sine b\u00e6rekraftsm\u00e5l, og har valgt [&hellip;]<\/p>\n","protected":false},"author":1,"featured_media":0,"parent":0,"menu_order":0,"comment_status":"closed","ping_status":"closed","template":"elementor_header_footer","meta":{"site-sidebar-layout":"no-sidebar","site-content-layout":"page-builder","ast-site-content-layout":"","site-content-style":"default","site-sidebar-style":"default","ast-global-header-display":"","ast-banner-title-visibility":"","ast-main-header-display":"","ast-hfb-above-header-display":"","ast-hfb-below-header-display":"","ast-hfb-mobile-header-display":"","site-post-title":"disabled","ast-breadcrumbs-content":"","ast-featured-img":"disabled","footer-sml-layout":"","theme-transparent-header-meta":"default","adv-header-id-meta":"","stick-header-meta":"default","header-above-stick-meta":"","header-main-stick-meta":"","header-below-stick-meta":"","astra-migrate-meta-layouts":"default","ast-page-background-enabled":"default","ast-page-background-meta":{"desktop":{"background-color":"","background-image":"","background-repeat":"repeat","background-position":"center center","background-size":"auto","background-attachment":"scroll","background-type":"","background-media":"","overlay-type":"","overlay-color":"","overlay-gradient":""},"tablet":{"background-color":"","background-image":"","background-repeat":"repeat","background-position":"center center","background-size":"auto","background-attachment":"scroll","background-type":"","background-media":"","overlay-type":"","overlay-color":"","overlay-gradient":""},"mobile":{"background-color":"","background-image":"","background-repeat":"repeat","background-position":"center center","background-size":"auto","background-attachment":"scroll","background-type":"","background-media":"","overlay-type":"","overlay-color":"","overlay-gradient":""}},"ast-content-background-meta":{"desktop":{"background-color":"var(--ast-global-color-5)","background-image":"","background-repeat":"repeat","background-position":"center center","background-size":"auto","background-attachment":"scroll","background-type":"","background-media":"","overlay-type":"","overlay-color":"","overlay-gradient":""},"tablet":{"background-color":"var(--ast-global-color-5)","background-image":"","background-repeat":"repeat","background-position":"center center","background-size":"auto","background-attachment":"scroll","background-type":"","background-media":"","overlay-type":"","overlay-color":"","overlay-gradient":""},"mobile":{"background-color":"var(--ast-global-color-5)","background-image":"","background-repeat":"repeat","background-position":"center center","background-size":"auto","background-attachment":"scroll","background-type":"","background-media":"","overlay-type":"","overlay-color":"","overlay-gradient":""}},"footnotes":""},"_links":{"self":[{"href":"https:\/\/smedtkristiansen.no\/no\/wp-json\/wp\/v2\/pages\/1346"}],"collection":[{"href":"https:\/\/smedtkristiansen.no\/no\/wp-json\/wp\/v2\/pages"}],"about":[{"href":"https:\/\/smedtkristiansen.no\/no\/wp-json\/wp\/v2\/types\/page"}],"author":[{"embeddable":true,"href":"https:\/\/smedtkristiansen.no\/no\/wp-json\/wp\/v2\/users\/1"}],"replies":[{"embeddable":true,"href":"https:\/\/smedtkristiansen.no\/no\/wp-json\/wp\/v2\/comments?post=1346"}],"version-history":[{"count":13,"href":"https:\/\/smedtkristiansen.no\/no\/wp-json\/wp\/v2\/pages\/1346\/revisions"}],"predecessor-version":[{"id":2756,"href":"https:\/\/smedtkristiansen.no\/no\/wp-json\/wp\/v2\/pages\/1346\/revisions\/2756"}],"wp:attachment":[{"href":"https:\/\/smedtkristiansen.no\/no\/wp-json\/wp\/v2\/media?parent=1346"}],"curies":[{"name":"wp","href":"https:\/\/api.w.org\/{rel}","templated":true}]}}